{"id":1040,"date":"2019-09-19T16:09:04","date_gmt":"2019-09-19T16:09:04","guid":{"rendered":"http:\/\/gemini-beauty.gr\/spa\/?page_id=1040"},"modified":"2019-09-19T16:09:04","modified_gmt":"2019-09-19T16:09:04","slug":"raffermissement-regeneration","status":"publish","type":"page","link":"https:\/\/gemini-beauty.gr\/spa\/fr\/raffermissement-regeneration\/","title":{"rendered":"RAFFERMISSEMENT- R\u00c9G\u00c9N\u00c9RATION"},"content":{"rendered":"<div id=\"pl-1040\"  class=\"panel-layout\" ><div id=\"pg-1040-0\"  class=\"panel-grid panel-no-style\" ><div id=\"pgc-1040-0-0\"  class=\"panel-grid-cell\" ><div id=\"panel-1040-0-0-0\" class=\"so-panel widget widget_sow-editor panel-first-child panel-last-child\" data-index=\"0\" ><div\n\t\t\t\n\t\t\tclass=\"so-widget-sow-editor so-widget-sow-editor-base\"\n\t\t\t\n\t\t>\n<div class=\"siteorigin-widget-tinymce textwidget\">\n\t<p>Il est vrai que lorsque nous grandissons, la peau devient terne, mince et atrophique. Ces cures vous donneront la vitalit\u00e9 perdue de votre peau! Prendre soin de nous d\u00e8s notre plus jeune \u00e2ge, nous laissons le temps de laisser ses marques sur nous en douceur. La peau appara\u00eet lisse, prouvant que la pr\u00e9vention du vieillissement est le meilleur type de traitement.<b> <\/b><\/p>\n<\/div>\n<\/div><\/div><\/div><\/div><div id=\"pg-1040-1\"  class=\"panel-grid panel-no-style\" ><div id=\"pgc-1040-1-0\"  class=\"panel-grid-cell\" ><div id=\"panel-1040-1-0-0\" class=\"so-panel widget panel-first-child\" data-index=\"1\" ><\/div><div id=\"panel-1040-1-0-1\" class=\"so-panel widget widget_sow-headline panel-last-child\" data-index=\"2\" ><div\n\t\t\t\n\t\t\tclass=\"so-widget-sow-headline so-widget-sow-headline-default-f4492158ed75-1040 so-widget-fittext-wrapper\"\n\t\t\t data-fit-text-compressor=\"0.85\"\n\t\t><div class=\"sow-headline-container \">\n\t\t\t\t\t\t\t<h1 class=\"sow-headline\">\n\t\t\t\t\t\t\t\t\t\t\t\t\t<a href=\"http:\/\/gemini-beauty.gr\/spa\/project\/%ce%b8%ce%b5%cf%81%ce%b1%cf%80%ce%b5%ce%b9%ce%b1-power-lift\/\" >\n\t\t\t\t\t\t\t\tTraitement Power Lift<\/a>\t\t\t\t\t\t<\/h1>\n\t\t\t\t\t\t\t\t\t\t\t<div class=\"decoration\">\n\t\t\t\t\t\t<div class=\"decoration-inside\"><\/div>\n\t\t\t\t\t<\/div>\n\t\t\t\t\t\t\t\t\t\t\t<h3 class=\"sow-sub-headline\">\n\t\t\t\t\t\t\t\t\t\t\t\t\t<a href=\"http:\/\/gemini-beauty.gr\/spa\/project\/%ce%b8%ce%b5%cf%81%ce%b1%cf%80%ce%b5%ce%b9%ce%b1-power-lift\/\" >\n\t\t\t\t\t\t\t\t\u0394\u03b9\u03b1\u03b2\u03ac\u03c3\u03c4\u03b5 \u03a0\u03b5\u03c1\u03b9\u03c3\u03c3\u03cc\u03c4\u03b5\u03c1\u03b1<\/a>\t\t\t\t\t\t<\/h3>\n\t\t\t\t\t\t<\/div>\n<\/div><\/div><\/div><div id=\"pgc-1040-1-1\"  class=\"panel-grid-cell\" ><div id=\"panel-1040-1-1-0\" class=\"so-panel widget panel-first-child\" data-index=\"3\" ><\/div><div id=\"panel-1040-1-1-1\" class=\"so-panel widget widget_sow-headline panel-last-child\" data-index=\"4\" ><div\n\t\t\t\n\t\t\tclass=\"so-widget-sow-headline so-widget-sow-headline-default-f4492158ed75-1040 so-widget-fittext-wrapper\"\n\t\t\t data-fit-text-compressor=\"0.85\"\n\t\t><div class=\"sow-headline-container \">\n\t\t\t\t\t\t\t<h1 class=\"sow-headline\">\n\t\t\t\t\t\t\t\t\t\t\t\t\t<a href=\"http:\/\/gemini-beauty.gr\/spa\/project\/%ce%b8%ce%b5%cf%81%ce%b1%cf%80%ce%b5%ce%b9%ce%b1-bio-lifting\/\" >\n\t\t\t\t\t\t\t\tTraitement Bio-Lifting<\/a>\t\t\t\t\t\t<\/h1>\n\t\t\t\t\t\t\t\t\t\t\t<div class=\"decoration\">\n\t\t\t\t\t\t<div class=\"decoration-inside\"><\/div>\n\t\t\t\t\t<\/div>\n\t\t\t\t\t\t\t\t\t\t\t<h3 class=\"sow-sub-headline\">\n\t\t\t\t\t\t\t\t\t\t\t\t\t<a href=\"http:\/\/gemini-beauty.gr\/spa\/project\/%ce%b8%ce%b5%cf%81%ce%b1%cf%80%ce%b5%ce%b9%ce%b1-bio-lifting\/\" >\n\t\t\t\t\t\t\t\t\u0394\u03b9\u03b1\u03b2\u03ac\u03c3\u03c4\u03b5 \u03a0\u03b5\u03c1\u03b9\u03c3\u03c3\u03cc\u03c4\u03b5\u03c1\u03b1<\/a>\t\t\t\t\t\t<\/h3>\n\t\t\t\t\t\t<\/div>\n<\/div><\/div><\/div><div id=\"pgc-1040-1-2\"  class=\"panel-grid-cell\" ><div id=\"panel-1040-1-2-0\" class=\"so-panel widget panel-first-child\" data-index=\"5\" ><\/div><div id=\"panel-1040-1-2-1\" class=\"so-panel widget widget_sow-headline panel-last-child\" data-index=\"6\" ><div\n\t\t\t\n\t\t\tclass=\"so-widget-sow-headline so-widget-sow-headline-default-f4492158ed75-1040 so-widget-fittext-wrapper\"\n\t\t\t data-fit-text-compressor=\"0.85\"\n\t\t><div class=\"sow-headline-container \">\n\t\t\t\t\t\t\t<h1 class=\"sow-headline\">\n\t\t\t\t\t\t\t\t\t\t\t\t\t<a href=\"http:\/\/gemini-beauty.gr\/spa\/project\/%ce%b8%ce%b5%cf%81%ce%b1%cf%80%ce%b5%ce%b9%ce%b1-power-lift\/\" >\n\t\t\t\t\t\t\t\tRaffermissement et caviar<\/a>\t\t\t\t\t\t<\/h1>\n\t\t\t\t\t\t\t\t\t\t\t<div class=\"decoration\">\n\t\t\t\t\t\t<div class=\"decoration-inside\"><\/div>\n\t\t\t\t\t<\/div>\n\t\t\t\t\t\t\t\t\t\t\t<h3 class=\"sow-sub-headline\">\n\t\t\t\t\t\t\t\t\t\t\t\t\t<a href=\"http:\/\/gemini-beauty.gr\/spa\/project\/%ce%b8%ce%b5%cf%81%ce%b1%cf%80%ce%b5%ce%b9%ce%b1-power-lift\/\" >\n\t\t\t\t\t\t\t\t\u0394\u03b9\u03b1\u03b2\u03ac\u03c3\u03c4\u03b5 \u03a0\u03b5\u03c1\u03b9\u03c3\u03c3\u03cc\u03c4\u03b5\u03c1\u03b1<\/a>\t\t\t\t\t\t<\/h3>\n\t\t\t\t\t\t<\/div>\n<\/div><\/div><\/div><\/div><\/div>","protected":false},"excerpt":{"rendered":"<p>Il est vrai que lorsque nous grandissons, la peau devient terne, mince et atrophique. Ces cures vous donneront la vitalit\u00e9 perdue de votre peau! Prendre soin de nous d\u00e8s notre plus jeune \u00e2ge, nous laissons le temps de laisser ses marques sur nous en douceur. La peau appara\u00eet lisse, prouvant que la pr\u00e9vention du vieillissement [&hellip;]<\/p>\n","protected":false},"author":2,"featured_media":0,"parent":0,"menu_order":0,"comment_status":"closed","ping_status":"closed","template":"","meta":{"footnotes":""},"class_list":["post-1040","page","type-page","status-publish","hentry"],"yoast_head":"<!-- This site is optimized with the Yoast SEO plugin v27.2 - https:\/\/yoast.com\/product\/yoast-seo-wordpress\/ -->\n<title>RAFFERMISSEMENT- R\u00c9G\u00c9N\u00c9RATION - Gemini Beauty<\/title>\n<meta name=\"robots\" content=\"index, follow, max-snippet:-1, max-image-preview:large, max-video-preview:-1\" \/>\n<link rel=\"canonical\" href=\"https:\/\/gemini-beauty.gr\/spa\/fr\/raffermissement-regeneration\/\" \/>\n<meta property=\"og:locale\" content=\"en_US\" \/>\n<meta property=\"og:type\" content=\"article\" \/>\n<meta property=\"og:title\" content=\"RAFFERMISSEMENT- R\u00c9G\u00c9N\u00c9RATION - Gemini Beauty\" \/>\n<meta property=\"og:description\" content=\"Il est vrai que lorsque nous grandissons, la peau devient terne, mince et atrophique. Ces cures vous donneront la vitalit\u00e9 perdue de votre peau! Prendre soin de nous d\u00e8s notre plus jeune \u00e2ge, nous laissons le temps de laisser ses marques sur nous en douceur. La peau appara\u00eet lisse, prouvant que la pr\u00e9vention du vieillissement [&hellip;]\" \/>\n<meta property=\"og:url\" content=\"https:\/\/gemini-beauty.gr\/spa\/fr\/raffermissement-regeneration\/\" \/>\n<meta property=\"og:site_name\" content=\"Gemini Beauty\" \/>\n<meta property=\"og:image\" content=\"http:\/\/gemini-beauty.gr\/spa\/wp-content\/uploads\/2017\/05\/hilos_styloprofesional-1024x682.jpg\" \/>\n<meta name=\"twitter:card\" content=\"summary_large_image\" \/>\n<script type=\"application\/ld+json\" class=\"yoast-schema-graph\">{\"@context\":\"https:\/\/schema.org\",\"@graph\":[{\"@type\":\"WebPage\",\"@id\":\"https:\/\/gemini-beauty.gr\/spa\/fr\/raffermissement-regeneration\/\",\"url\":\"https:\/\/gemini-beauty.gr\/spa\/fr\/raffermissement-regeneration\/\",\"name\":\"RAFFERMISSEMENT- R\u00c9G\u00c9N\u00c9RATION - Gemini Beauty\",\"isPartOf\":{\"@id\":\"https:\/\/gemini-beauty.gr\/spa\/#website\"},\"primaryImageOfPage\":{\"@id\":\"https:\/\/gemini-beauty.gr\/spa\/fr\/raffermissement-regeneration\/#primaryimage\"},\"image\":{\"@id\":\"https:\/\/gemini-beauty.gr\/spa\/fr\/raffermissement-regeneration\/#primaryimage\"},\"thumbnailUrl\":\"http:\/\/gemini-beauty.gr\/spa\/wp-content\/uploads\/2017\/05\/hilos_styloprofesional-1024x682.jpg\",\"datePublished\":\"2019-09-19T16:09:04+00:00\",\"breadcrumb\":{\"@id\":\"https:\/\/gemini-beauty.gr\/spa\/fr\/raffermissement-regeneration\/#breadcrumb\"},\"inLanguage\":\"en-US\",\"potentialAction\":[{\"@type\":\"ReadAction\",\"target\":[\"https:\/\/gemini-beauty.gr\/spa\/fr\/raffermissement-regeneration\/\"]}]},{\"@type\":\"ImageObject\",\"inLanguage\":\"en-US\",\"@id\":\"https:\/\/gemini-beauty.gr\/spa\/fr\/raffermissement-regeneration\/#primaryimage\",\"url\":\"https:\/\/gemini-beauty.gr\/spa\/wp-content\/uploads\/2017\/05\/hilos_styloprofesional.jpg\",\"contentUrl\":\"https:\/\/gemini-beauty.gr\/spa\/wp-content\/uploads\/2017\/05\/hilos_styloprofesional.jpg\",\"width\":2000,\"height\":1333,\"caption\":\"Young female with clean fresh skin, white background\"},{\"@type\":\"BreadcrumbList\",\"@id\":\"https:\/\/gemini-beauty.gr\/spa\/fr\/raffermissement-regeneration\/#breadcrumb\",\"itemListElement\":[{\"@type\":\"ListItem\",\"position\":1,\"name\":\"Home\",\"item\":\"https:\/\/gemini-beauty.gr\/spa\/\"},{\"@type\":\"ListItem\",\"position\":2,\"name\":\"RAFFERMISSEMENT- R\u00c9G\u00c9N\u00c9RATION\"}]},{\"@type\":\"WebSite\",\"@id\":\"https:\/\/gemini-beauty.gr\/spa\/#website\",\"url\":\"https:\/\/gemini-beauty.gr\/spa\/\",\"name\":\"Gemini Beauty\",\"description\":\"Beauty\",\"publisher\":{\"@id\":\"https:\/\/gemini-beauty.gr\/spa\/#organization\"},\"potentialAction\":[{\"@type\":\"SearchAction\",\"target\":{\"@type\":\"EntryPoint\",\"urlTemplate\":\"https:\/\/gemini-beauty.gr\/spa\/?s={search_term_string}\"},\"query-input\":{\"@type\":\"PropertyValueSpecification\",\"valueRequired\":true,\"valueName\":\"search_term_string\"}}],\"inLanguage\":\"en-US\"},{\"@type\":\"Organization\",\"@id\":\"https:\/\/gemini-beauty.gr\/spa\/#organization\",\"name\":\"\u039a\u03ad\u03bd\u03c4\u03c1\u03bf \u0391\u03b9\u03c3\u03b8\u03b7\u03c4\u03b9\u03ba\u03ae\u03c2 \u039a\u03ad\u03c1\u03ba\u03c5\u03c1\u03b1 Gemini Beauty\",\"url\":\"https:\/\/gemini-beauty.gr\/spa\/\",\"logo\":{\"@type\":\"ImageObject\",\"inLanguage\":\"en-US\",\"@id\":\"https:\/\/gemini-beauty.gr\/spa\/#\/schema\/logo\/image\/\",\"url\":\"http:\/\/gemini-beauty.gr\/spa\/wp-content\/uploads\/2017\/05\/gemini-logo.png\",\"contentUrl\":\"http:\/\/gemini-beauty.gr\/spa\/wp-content\/uploads\/2017\/05\/gemini-logo.png\",\"width\":698,\"height\":86,\"caption\":\"\u039a\u03ad\u03bd\u03c4\u03c1\u03bf \u0391\u03b9\u03c3\u03b8\u03b7\u03c4\u03b9\u03ba\u03ae\u03c2 \u039a\u03ad\u03c1\u03ba\u03c5\u03c1\u03b1 Gemini Beauty\"},\"image\":{\"@id\":\"https:\/\/gemini-beauty.gr\/spa\/#\/schema\/logo\/image\/\"}}]}<\/script>\n<!-- \/ Yoast SEO plugin. -->","yoast_head_json":{"title":"RAFFERMISSEMENT- R\u00c9G\u00c9N\u00c9RATION - Gemini Beauty","robots":{"index":"index","follow":"follow","max-snippet":"max-snippet:-1","max-image-preview":"max-image-preview:large","max-video-preview":"max-video-preview:-1"},"canonical":"https:\/\/gemini-beauty.gr\/spa\/fr\/raffermissement-regeneration\/","og_locale":"en_US","og_type":"article","og_title":"RAFFERMISSEMENT- R\u00c9G\u00c9N\u00c9RATION - Gemini Beauty","og_description":"Il est vrai que lorsque nous grandissons, la peau devient terne, mince et atrophique. Ces cures vous donneront la vitalit\u00e9 perdue de votre peau! Prendre soin de nous d\u00e8s notre plus jeune \u00e2ge, nous laissons le temps de laisser ses marques sur nous en douceur. La peau appara\u00eet lisse, prouvant que la pr\u00e9vention du vieillissement [&hellip;]","og_url":"https:\/\/gemini-beauty.gr\/spa\/fr\/raffermissement-regeneration\/","og_site_name":"Gemini Beauty","og_image":[{"url":"http:\/\/gemini-beauty.gr\/spa\/wp-content\/uploads\/2017\/05\/hilos_styloprofesional-1024x682.jpg","type":"","width":"","height":""}],"twitter_card":"summary_large_image","schema":{"@context":"https:\/\/schema.org","@graph":[{"@type":"WebPage","@id":"https:\/\/gemini-beauty.gr\/spa\/fr\/raffermissement-regeneration\/","url":"https:\/\/gemini-beauty.gr\/spa\/fr\/raffermissement-regeneration\/","name":"RAFFERMISSEMENT- R\u00c9G\u00c9N\u00c9RATION - Gemini Beauty","isPartOf":{"@id":"https:\/\/gemini-beauty.gr\/spa\/#website"},"primaryImageOfPage":{"@id":"https:\/\/gemini-beauty.gr\/spa\/fr\/raffermissement-regeneration\/#primaryimage"},"image":{"@id":"https:\/\/gemini-beauty.gr\/spa\/fr\/raffermissement-regeneration\/#primaryimage"},"thumbnailUrl":"http:\/\/gemini-beauty.gr\/spa\/wp-content\/uploads\/2017\/05\/hilos_styloprofesional-1024x682.jpg","datePublished":"2019-09-19T16:09:04+00:00","breadcrumb":{"@id":"https:\/\/gemini-beauty.gr\/spa\/fr\/raffermissement-regeneration\/#breadcrumb"},"inLanguage":"en-US","potentialAction":[{"@type":"ReadAction","target":["https:\/\/gemini-beauty.gr\/spa\/fr\/raffermissement-regeneration\/"]}]},{"@type":"ImageObject","inLanguage":"en-US","@id":"https:\/\/gemini-beauty.gr\/spa\/fr\/raffermissement-regeneration\/#primaryimage","url":"https:\/\/gemini-beauty.gr\/spa\/wp-content\/uploads\/2017\/05\/hilos_styloprofesional.jpg","contentUrl":"https:\/\/gemini-beauty.gr\/spa\/wp-content\/uploads\/2017\/05\/hilos_styloprofesional.jpg","width":2000,"height":1333,"caption":"Young female with clean fresh skin, white background"},{"@type":"BreadcrumbList","@id":"https:\/\/gemini-beauty.gr\/spa\/fr\/raffermissement-regeneration\/#breadcrumb","itemListElement":[{"@type":"ListItem","position":1,"name":"Home","item":"https:\/\/gemini-beauty.gr\/spa\/"},{"@type":"ListItem","position":2,"name":"RAFFERMISSEMENT- R\u00c9G\u00c9N\u00c9RATION"}]},{"@type":"WebSite","@id":"https:\/\/gemini-beauty.gr\/spa\/#website","url":"https:\/\/gemini-beauty.gr\/spa\/","name":"Gemini Beauty","description":"Beauty","publisher":{"@id":"https:\/\/gemini-beauty.gr\/spa\/#organization"},"potentialAction":[{"@type":"SearchAction","target":{"@type":"EntryPoint","urlTemplate":"https:\/\/gemini-beauty.gr\/spa\/?s={search_term_string}"},"query-input":{"@type":"PropertyValueSpecification","valueRequired":true,"valueName":"search_term_string"}}],"inLanguage":"en-US"},{"@type":"Organization","@id":"https:\/\/gemini-beauty.gr\/spa\/#organization","name":"\u039a\u03ad\u03bd\u03c4\u03c1\u03bf \u0391\u03b9\u03c3\u03b8\u03b7\u03c4\u03b9\u03ba\u03ae\u03c2 \u039a\u03ad\u03c1\u03ba\u03c5\u03c1\u03b1 Gemini Beauty","url":"https:\/\/gemini-beauty.gr\/spa\/","logo":{"@type":"ImageObject","inLanguage":"en-US","@id":"https:\/\/gemini-beauty.gr\/spa\/#\/schema\/logo\/image\/","url":"http:\/\/gemini-beauty.gr\/spa\/wp-content\/uploads\/2017\/05\/gemini-logo.png","contentUrl":"http:\/\/gemini-beauty.gr\/spa\/wp-content\/uploads\/2017\/05\/gemini-logo.png","width":698,"height":86,"caption":"\u039a\u03ad\u03bd\u03c4\u03c1\u03bf \u0391\u03b9\u03c3\u03b8\u03b7\u03c4\u03b9\u03ba\u03ae\u03c2 \u039a\u03ad\u03c1\u03ba\u03c5\u03c1\u03b1 Gemini Beauty"},"image":{"@id":"https:\/\/gemini-beauty.gr\/spa\/#\/schema\/logo\/image\/"}}]}},"_links":{"self":[{"href":"https:\/\/gemini-beauty.gr\/spa\/wp-json\/wp\/v2\/pages\/1040","targetHints":{"allow":["GET"]}}],"collection":[{"href":"https:\/\/gemini-beauty.gr\/spa\/wp-json\/wp\/v2\/pages"}],"about":[{"href":"https:\/\/gemini-beauty.gr\/spa\/wp-json\/wp\/v2\/types\/page"}],"author":[{"embeddable":true,"href":"https:\/\/gemini-beauty.gr\/spa\/wp-json\/wp\/v2\/users\/2"}],"replies":[{"embeddable":true,"href":"https:\/\/gemini-beauty.gr\/spa\/wp-json\/wp\/v2\/comments?post=1040"}],"version-history":[{"count":2,"href":"https:\/\/gemini-beauty.gr\/spa\/wp-json\/wp\/v2\/pages\/1040\/revisions"}],"predecessor-version":[{"id":1042,"href":"https:\/\/gemini-beauty.gr\/spa\/wp-json\/wp\/v2\/pages\/1040\/revisions\/1042"}],"wp:attachment":[{"href":"https:\/\/gemini-beauty.gr\/spa\/wp-json\/wp\/v2\/media?parent=1040"}],"curies":[{"name":"wp","href":"https:\/\/api.w.org\/{rel}","templated":true}]}}