{"id":891,"date":"2018-03-12T19:10:25","date_gmt":"2018-03-12T17:10:25","guid":{"rendered":"http:\/\/gemini-beauty.gr\/hair\/?page_id=891"},"modified":"2018-03-12T21:01:15","modified_gmt":"2018-03-12T19:01:15","slug":"rendez-vous","status":"publish","type":"page","link":"https:\/\/gemini-beauty.gr\/hair\/fr\/rendez-vous\/","title":{"rendered":"Rendez-vous"},"content":{"rendered":"<div id=\"pl-891\"  class=\"panel-layout\" ><div id=\"pg-891-0\"  class=\"panel-grid panel-no-style\" ><div id=\"pgc-891-0-0\"  class=\"panel-grid-cell\" ><div id=\"panel-891-0-0-0\" class=\"so-panel widget widget_ci-text panel-first-child\" data-index=\"0\" >\t\t<div class=\"widget-wrap \" >\t\t<div class=\"row\">\n\t\t\t<div class=\"col-xs-12\">\n\t\t\t\t\t\t\t\t<div\n\t\t\t\t\tclass=\"ci-text-widget text-left\">   <\/div>\n\t\t\t<\/div>\n\t\t<\/div>\n\n\t\t\t\t<\/div>\n\t\t<\/div><div id=\"panel-891-0-0-1\" class=\"so-panel widget widget_ci-text panel-last-child\" data-index=\"1\" >\t\t<div class=\"widget-wrap \" >\t\t<div class=\"row\">\n\t\t\t<div class=\"col-xs-12\">\n\t\t\t\t\t\t\t\t<div\n\t\t\t\t\tclass=\"ci-text-widget text-left\">\n<div class=\"wpcf7 no-js\" id=\"wpcf7-f894-o1\" lang=\"en-US\" dir=\"ltr\" data-wpcf7-id=\"894\">\n<div class=\"screen-reader-response\"><p role=\"status\" aria-live=\"polite\" aria-atomic=\"true\"><\/p> <ul><\/ul><\/div>\n<form action=\"\/hair\/wp-json\/wp\/v2\/pages\/891#wpcf7-f894-o1\" method=\"post\" class=\"wpcf7-form init\" aria-label=\"Contact form\" novalidate=\"novalidate\" data-status=\"init\">\n<fieldset class=\"hidden-fields-container\"><input type=\"hidden\" name=\"_wpcf7\" value=\"894\" \/><input type=\"hidden\" name=\"_wpcf7_version\" value=\"6.1.5\" \/><input type=\"hidden\" name=\"_wpcf7_locale\" value=\"en_US\" \/><input type=\"hidden\" name=\"_wpcf7_unit_tag\" value=\"wpcf7-f894-o1\" \/><input type=\"hidden\" name=\"_wpcf7_container_post\" value=\"0\" \/><input type=\"hidden\" name=\"_wpcf7_posted_data_hash\" value=\"\" \/><input type=\"hidden\" name=\"_wpcf7_recaptcha_response\" value=\"\" \/>\n<\/fieldset>\n<p><label> Nom et pr\u00e9nom<br \/>\n<span class=\"wpcf7-form-control-wrap\" data-name=\"your-name\"><input size=\"40\" maxlength=\"400\" class=\"wpcf7-form-control wpcf7-text wpcf7-validates-as-required\" aria-required=\"true\" aria-invalid=\"false\" value=\"\" type=\"text\" name=\"your-name\" \/><\/span> <\/label>\n<\/p>\n<p><label> E-mail<br \/>\n<span class=\"wpcf7-form-control-wrap\" data-name=\"your-email\"><input size=\"40\" maxlength=\"400\" class=\"wpcf7-form-control wpcf7-email wpcf7-validates-as-required wpcf7-text wpcf7-validates-as-email\" aria-required=\"true\" aria-invalid=\"false\" value=\"\" type=\"email\" name=\"your-email\" \/><\/span> <\/label>\n<\/p>\n<p><label> Date<br \/>\n<span class=\"wpcf7-form-control-wrap\" data-name=\"date-583\"><input class=\"wpcf7-form-control wpcf7-date wpcf7-validates-as-date\" aria-invalid=\"false\" value=\"\" type=\"date\" name=\"date-583\" \/><\/span> <\/label>\n<\/p>\n<p><label> Services<br \/>\n<span class=\"wpcf7-form-control-wrap\" data-name=\"Pickatherapy\"><select class=\"wpcf7-form-control wpcf7-select\" aria-invalid=\"false\" name=\"Pickatherapy\"><option value=\"Coupe Des Cheveux\">Coupe Des Cheveux<\/option><option value=\"Coiffure\">Coiffure<\/option><option value=\"Coloration des cheveux\">Coloration des cheveux<\/option><option value=\"Reflets\">Reflets<\/option><option value=\"Traitement\">Traitement<\/option><option value=\"Lissage des cheveux\">Lissage des cheveux<\/option><option value=\"Permanente\">Permanente<\/option><option value=\"Balayage\">Balayage<\/option><option value=\"Contouring\">Contouring<\/option><\/select><\/span> <\/label>\n<\/p>\n<p><label> Coiffeur<br \/>\n<span class=\"wpcf7-form-control-wrap\" data-name=\"Pickahairdresser\"><select class=\"wpcf7-form-control wpcf7-select\" aria-invalid=\"false\" name=\"Pickahairdresser\"><option value=\"Marie\">Marie<\/option><option value=\"Olga\">Olga<\/option><option value=\"Constantin\">Constantin<\/option><\/select><\/span> <\/label>\n<\/p>\n<p><label> Message<br \/>\n<span class=\"wpcf7-form-control-wrap\" data-name=\"your-message\"><textarea cols=\"40\" rows=\"10\" maxlength=\"2000\" class=\"wpcf7-form-control wpcf7-textarea\" aria-invalid=\"false\" name=\"your-message\"><\/textarea><\/span> <\/label>\n<\/p>\n<p>This site is protected by reCAPTCHA and the Google <a href=\"https:\/\/policies.google.com\/privacy\">Privacy Policy<\/a> and <a href=\"https:\/\/policies.google.com\/terms\">Terms of Service<\/a> apply.\n<\/p>\n<p><input class=\"wpcf7-form-control wpcf7-submit has-spinner\" type=\"submit\" value=\"Envoyer\" \/>\n<\/p><div class=\"wpcf7-response-output\" aria-hidden=\"true\"><\/div>\n<\/form>\n<\/div>\n<\/div>\n\t\t\t<\/div>\n\t\t<\/div>\n\n\t\t\t\t<\/div>\n\t\t<\/div><\/div><div id=\"pgc-891-0-1\"  class=\"panel-grid-cell\" ><div id=\"panel-891-0-1-0\" class=\"so-panel widget widget_ci-text panel-first-child\" data-index=\"2\" >\t\t<div class=\"widget-wrap \" >\t\t<div class=\"row\">\n\t\t\t<div class=\"col-xs-12\">\n\t\t\t\t\t\t\t\t<div\n\t\t\t\t\tclass=\"ci-text-widget text-left\">   <\/div>\n\t\t\t<\/div>\n\t\t<\/div>\n\n\t\t\t\t<\/div>\n\t\t<\/div><div id=\"panel-891-0-1-1\" class=\"so-panel widget widget_sow-image\" data-index=\"3\" ><div\n\t\t\t\n\t\t\tclass=\"so-widget-sow-image so-widget-sow-image-default-8b5b6f678277-891\"\n\t\t\t\n\t\t>\n<div class=\"sow-image-container\">\n\t\t<img \n\tsrc=\"https:\/\/gemini-beauty.gr\/hair\/wp-content\/uploads\/2017\/04\/slider-2.jpg\" width=\"1800\" height=\"1013\" srcset=\"https:\/\/gemini-beauty.gr\/hair\/wp-content\/uploads\/2017\/04\/slider-2.jpg 1800w, https:\/\/gemini-beauty.gr\/hair\/wp-content\/uploads\/2017\/04\/slider-2-300x169.jpg 300w, https:\/\/gemini-beauty.gr\/hair\/wp-content\/uploads\/2017\/04\/slider-2-768x432.jpg 768w, https:\/\/gemini-beauty.gr\/hair\/wp-content\/uploads\/2017\/04\/slider-2-1024x576.jpg 1024w, https:\/\/gemini-beauty.gr\/hair\/wp-content\/uploads\/2017\/04\/slider-2-800x450.jpg 800w, https:\/\/gemini-beauty.gr\/hair\/wp-content\/uploads\/2017\/04\/slider-2-750x422.jpg 750w\" sizes=\"(max-width: 1800px) 100vw, 1800px\" title=\"\u039a\u03bf\u03bc\u03bc\u03c9\u03c4\u03ae\u03c1\u03b9\u03bf \u039a\u03ad\u03c1\u03ba\u03c5\u03c1\u03b1 Gemini slider 2\" alt=\"\" \t\tclass=\"so-widget-image\"\/>\n\t<\/div>\n\n<\/div><\/div><div id=\"panel-891-0-1-2\" class=\"so-panel widget widget_ci-text\" data-index=\"4\" >\t\t<div class=\"widget-wrap \" >\t\t<div class=\"row\">\n\t\t\t<div class=\"col-xs-12\">\n\t\t\t\t\t\t\t\t<div\n\t\t\t\t\tclass=\"ci-text-widget text-justify\"><p>Le salon de coiffure GEMINI mesure plus de 30 ans d'exp\u00e9rience a beaut\u00e9. Notre amour pour les cheveux beaux et sains nous a fait de chercher le d\u00e9veloppement continu gr\u00e2ce \u00e0 notre participation aux \u00e9v\u00e9nements majeurs et aux s\u00e9minaires \u00e0<br \/>\nLondres, Paris, Milan et Ath\u00e8nes. Notre salon est install\u00e9 dans un b\u00e2timent r\u00e9nov\u00e9 avec une vue sur la place de Corfou, Spianada. En dehors de nos services de beaut\u00e9, vous appr\u00e9cierez de boisson de votre choix dans une ambiance chaleureuse et conviviale.<\/p>\n<\/div>\n\t\t\t<\/div>\n\t\t<\/div>\n\n\t\t\t\t<\/div>\n\t\t<\/div><div id=\"panel-891-0-1-3\" class=\"so-panel widget widget_ci-text panel-last-child\" data-index=\"5\" >\t\t<div class=\"widget-wrap \" >\t\t<div class=\"row\">\n\t\t\t<div class=\"col-xs-12\">\n\t\t\t\t\t\t\t\t<div\n\t\t\t\t\tclass=\"ci-text-widget text-justify\">Notre d\u00e9sir et notre objectif est que vous viviez une exp\u00e9rience relaxant unique, une petite escapade de la routine quotidienne. Priorit\u00e9 de notre \u00e9quipe c\u2019est vos besoins, la sant\u00e9 de vos cheveux et de mettre en valeur votre propre style avec tention aux d\u00e9tails, en harmonisant toujours une belle coupe de cheveux et coiffure avec la propre couleur.\n<\/div>\n\t\t\t<\/div>\n\t\t<\/div>\n\n\t\t\t\t<\/div>\n\t\t<\/div><\/div><\/div><\/div>","protected":false},"excerpt":{"rendered":"<p>Nom et pr\u00e9nom E-mail Date Services Coupe Des CheveuxCoiffureColoration des cheveuxRefletsTraitementLissage des cheveuxPermanenteBalayageContouring Coiffeur MarieOlgaConstantin Message This site is protected by reCAPTCHA and the Google Privacy Policy and Terms of Service apply. Le salon de coiffure GEMINI mesure plus de 30 ans d&#8217;exp\u00e9rience a beaut\u00e9. Notre amour pour les cheveux[&#8230;]<\/p>\n","protected":false},"author":3,"featured_media":0,"parent":0,"menu_order":0,"comment_status":"closed","ping_status":"closed","template":"template-page-fixed.php","meta":{"footnotes":""},"class_list":["post-891","page","type-page","status-publish","hentry"],"yoast_head":"<!-- This site is optimized with the Yoast SEO plugin v27.4 - https:\/\/yoast.com\/product\/yoast-seo-wordpress\/ -->\n<title>Book an Appointment at Gemini Hair Salon And Specialists!<\/title>\n<meta name=\"description\" content=\"Are you in Corfu and looking for a beauty salon? Come to Gemini and leave your hair to our expert hands and get the haircut of your dreams.\" \/>\n<meta name=\"robots\" content=\"index, follow, max-snippet:-1, max-image-preview:large, max-video-preview:-1\" \/>\n<link rel=\"canonical\" href=\"https:\/\/gemini-beauty.gr\/hair\/fr\/rendez-vous\/\" \/>\n<meta property=\"og:locale\" content=\"en_US\" \/>\n<meta property=\"og:type\" content=\"article\" \/>\n<meta property=\"og:title\" content=\"Book an Appointment at Gemini Hair Salon And Specialists!\" \/>\n<meta property=\"og:description\" content=\"Are you in Corfu and looking for a beauty salon? Come to Gemini and leave your hair to our expert hands and get the haircut of your dreams.\" \/>\n<meta property=\"og:url\" content=\"https:\/\/gemini-beauty.gr\/hair\/fr\/rendez-vous\/\" \/>\n<meta property=\"og:site_name\" content=\"\u039a\u03bf\u03bc\u03bc\u03c9\u03c4\u03ae\u03c1\u03b9\u03bf \u039a\u03ad\u03c1\u03ba\u03c5\u03c1\u03b1 Gemini\" \/>\n<meta property=\"article:publisher\" content=\"https:\/\/www.facebook.com\/Gemini.Hair.Specialist.Corfu\/\" \/>\n<meta property=\"article:modified_time\" content=\"2018-03-12T19:01:15+00:00\" \/>\n<meta property=\"og:image\" content=\"https:\/\/gemini-beauty.gr\/hair\/wp-content\/uploads\/2017\/07\/Open-Graph-Gemini.jpg\" \/>\n\t<meta property=\"og:image:width\" content=\"1200\" \/>\n\t<meta property=\"og:image:height\" content=\"1200\" \/>\n\t<meta property=\"og:image:type\" content=\"image\/jpeg\" \/>\n<meta name=\"twitter:card\" content=\"summary_large_image\" \/>\n<script type=\"application\/ld+json\" class=\"yoast-schema-graph\">{\"@context\":\"https:\\\/\\\/schema.org\",\"@graph\":[{\"@type\":\"WebPage\",\"@id\":\"https:\\\/\\\/gemini-beauty.gr\\\/hair\\\/fr\\\/rendez-vous\\\/\",\"url\":\"https:\\\/\\\/gemini-beauty.gr\\\/hair\\\/fr\\\/rendez-vous\\\/\",\"name\":\"Book an Appointment at Gemini Hair Salon And Specialists!\",\"isPartOf\":{\"@id\":\"https:\\\/\\\/gemini-beauty.gr\\\/hair\\\/#website\"},\"datePublished\":\"2018-03-12T17:10:25+00:00\",\"dateModified\":\"2018-03-12T19:01:15+00:00\",\"description\":\"Are you in Corfu and looking for a beauty salon? Come to Gemini and leave your hair to our expert hands and get the haircut of your dreams.\",\"breadcrumb\":{\"@id\":\"https:\\\/\\\/gemini-beauty.gr\\\/hair\\\/fr\\\/rendez-vous\\\/#breadcrumb\"},\"inLanguage\":\"en-US\",\"potentialAction\":[{\"@type\":\"ReadAction\",\"target\":[\"https:\\\/\\\/gemini-beauty.gr\\\/hair\\\/fr\\\/rendez-vous\\\/\"]}]},{\"@type\":\"BreadcrumbList\",\"@id\":\"https:\\\/\\\/gemini-beauty.gr\\\/hair\\\/fr\\\/rendez-vous\\\/#breadcrumb\",\"itemListElement\":[{\"@type\":\"ListItem\",\"position\":1,\"name\":\"Home\",\"item\":\"https:\\\/\\\/gemini-beauty.gr\\\/hair\\\/el\\\/%ce%ba%ce%bf%ce%bc%ce%bc%cf%89%cf%84%ce%ae%cf%81%ce%b9%ce%bf-%ce%ba%ce%ad%cf%81%ce%ba%cf%85%cf%81%ce%b1-gemini\\\/\"},{\"@type\":\"ListItem\",\"position\":2,\"name\":\"Rendez-vous\"}]},{\"@type\":\"WebSite\",\"@id\":\"https:\\\/\\\/gemini-beauty.gr\\\/hair\\\/#website\",\"url\":\"https:\\\/\\\/gemini-beauty.gr\\\/hair\\\/\",\"name\":\"\u039a\u03bf\u03bc\u03bc\u03c9\u03c4\u03ae\u03c1\u03b9\u03bf \u039a\u03ad\u03c1\u03ba\u03c5\u03c1\u03b1 Gemini\",\"description\":\"\u039a\u03bf\u03bc\u03bc\u03c9\u03c4\u03ae\u03c1\u03b9\u03bf \u039a\u03ad\u03c1\u03ba\u03c5\u03c1\u03b1 Gemini\",\"potentialAction\":[{\"@type\":\"SearchAction\",\"target\":{\"@type\":\"EntryPoint\",\"urlTemplate\":\"https:\\\/\\\/gemini-beauty.gr\\\/hair\\\/?s={search_term_string}\"},\"query-input\":{\"@type\":\"PropertyValueSpecification\",\"valueRequired\":true,\"valueName\":\"search_term_string\"}}],\"inLanguage\":\"en-US\"}]}<\/script>\n<!-- \/ Yoast SEO plugin. -->","yoast_head_json":{"title":"Book an Appointment at Gemini Hair Salon And Specialists!","description":"Are you in Corfu and looking for a beauty salon? Come to Gemini and leave your hair to our expert hands and get the haircut of your dreams.","robots":{"index":"index","follow":"follow","max-snippet":"max-snippet:-1","max-image-preview":"max-image-preview:large","max-video-preview":"max-video-preview:-1"},"canonical":"https:\/\/gemini-beauty.gr\/hair\/fr\/rendez-vous\/","og_locale":"en_US","og_type":"article","og_title":"Book an Appointment at Gemini Hair Salon And Specialists!","og_description":"Are you in Corfu and looking for a beauty salon? Come to Gemini and leave your hair to our expert hands and get the haircut of your dreams.","og_url":"https:\/\/gemini-beauty.gr\/hair\/fr\/rendez-vous\/","og_site_name":"\u039a\u03bf\u03bc\u03bc\u03c9\u03c4\u03ae\u03c1\u03b9\u03bf \u039a\u03ad\u03c1\u03ba\u03c5\u03c1\u03b1 Gemini","article_publisher":"https:\/\/www.facebook.com\/Gemini.Hair.Specialist.Corfu\/","article_modified_time":"2018-03-12T19:01:15+00:00","og_image":[{"width":1200,"height":1200,"url":"https:\/\/gemini-beauty.gr\/hair\/wp-content\/uploads\/2017\/07\/Open-Graph-Gemini.jpg","type":"image\/jpeg"}],"twitter_card":"summary_large_image","schema":{"@context":"https:\/\/schema.org","@graph":[{"@type":"WebPage","@id":"https:\/\/gemini-beauty.gr\/hair\/fr\/rendez-vous\/","url":"https:\/\/gemini-beauty.gr\/hair\/fr\/rendez-vous\/","name":"Book an Appointment at Gemini Hair Salon And Specialists!","isPartOf":{"@id":"https:\/\/gemini-beauty.gr\/hair\/#website"},"datePublished":"2018-03-12T17:10:25+00:00","dateModified":"2018-03-12T19:01:15+00:00","description":"Are you in Corfu and looking for a beauty salon? Come to Gemini and leave your hair to our expert hands and get the haircut of your dreams.","breadcrumb":{"@id":"https:\/\/gemini-beauty.gr\/hair\/fr\/rendez-vous\/#breadcrumb"},"inLanguage":"en-US","potentialAction":[{"@type":"ReadAction","target":["https:\/\/gemini-beauty.gr\/hair\/fr\/rendez-vous\/"]}]},{"@type":"BreadcrumbList","@id":"https:\/\/gemini-beauty.gr\/hair\/fr\/rendez-vous\/#breadcrumb","itemListElement":[{"@type":"ListItem","position":1,"name":"Home","item":"https:\/\/gemini-beauty.gr\/hair\/el\/%ce%ba%ce%bf%ce%bc%ce%bc%cf%89%cf%84%ce%ae%cf%81%ce%b9%ce%bf-%ce%ba%ce%ad%cf%81%ce%ba%cf%85%cf%81%ce%b1-gemini\/"},{"@type":"ListItem","position":2,"name":"Rendez-vous"}]},{"@type":"WebSite","@id":"https:\/\/gemini-beauty.gr\/hair\/#website","url":"https:\/\/gemini-beauty.gr\/hair\/","name":"\u039a\u03bf\u03bc\u03bc\u03c9\u03c4\u03ae\u03c1\u03b9\u03bf \u039a\u03ad\u03c1\u03ba\u03c5\u03c1\u03b1 Gemini","description":"\u039a\u03bf\u03bc\u03bc\u03c9\u03c4\u03ae\u03c1\u03b9\u03bf \u039a\u03ad\u03c1\u03ba\u03c5\u03c1\u03b1 Gemini","potentialAction":[{"@type":"SearchAction","target":{"@type":"EntryPoint","urlTemplate":"https:\/\/gemini-beauty.gr\/hair\/?s={search_term_string}"},"query-input":{"@type":"PropertyValueSpecification","valueRequired":true,"valueName":"search_term_string"}}],"inLanguage":"en-US"}]}},"_links":{"self":[{"href":"https:\/\/gemini-beauty.gr\/hair\/wp-json\/wp\/v2\/pages\/891","targetHints":{"allow":["GET"]}}],"collection":[{"href":"https:\/\/gemini-beauty.gr\/hair\/wp-json\/wp\/v2\/pages"}],"about":[{"href":"https:\/\/gemini-beauty.gr\/hair\/wp-json\/wp\/v2\/types\/page"}],"author":[{"embeddable":true,"href":"https:\/\/gemini-beauty.gr\/hair\/wp-json\/wp\/v2\/users\/3"}],"replies":[{"embeddable":true,"href":"https:\/\/gemini-beauty.gr\/hair\/wp-json\/wp\/v2\/comments?post=891"}],"version-history":[{"count":5,"href":"https:\/\/gemini-beauty.gr\/hair\/wp-json\/wp\/v2\/pages\/891\/revisions"}],"predecessor-version":[{"id":901,"href":"https:\/\/gemini-beauty.gr\/hair\/wp-json\/wp\/v2\/pages\/891\/revisions\/901"}],"wp:attachment":[{"href":"https:\/\/gemini-beauty.gr\/hair\/wp-json\/wp\/v2\/media?parent=891"}],"curies":[{"name":"wp","href":"https:\/\/api.w.org\/{rel}","templated":true}]}}