{"id":619,"date":"2017-05-05T17:28:47","date_gmt":"2017-05-05T14:28:47","guid":{"rendered":"http:\/\/gemini-beauty.gr\/hair\/?page_id=619"},"modified":"2017-05-05T17:28:47","modified_gmt":"2017-05-05T14:28:47","slug":"mariage","status":"publish","type":"page","link":"https:\/\/gemini-beauty.gr\/hair\/fr\/mariage\/","title":{"rendered":"MARIAGE"},"content":{"rendered":"<div id=\"pl-619\"  class=\"panel-layout\" ><div id=\"pg-619-0\"  class=\"panel-grid panel-no-style\" ><div id=\"pgc-619-0-0\"  class=\"panel-grid-cell\" ><div id=\"panel-619-0-0-0\" class=\"so-panel widget widget_sow-editor panel-first-child panel-last-child\" data-index=\"0\" ><div\n\t\t\t\n\t\t\tclass=\"so-widget-sow-editor so-widget-sow-editor-base\"\n\t\t\t\n\t\t>\n<div class=\"siteorigin-widget-tinymce textwidget\">\n\t<p>Dans le plus beau jour de votre vie, vous voulez que tout soit parfait. Nous aussi. Notre exp\u00e9rience et les s\u00e9minaires continus dans tous les types de chignons, combin\u00e9s avec notre d\u00e9sir de trouver ce que vous convient le mieux, \u00e0 votre visage et votre robe de mari\u00e9e, par la discussion et les r\u00e9p\u00e9titions avec vous, vous assure que vos cheveux d\u00e9corera joliment votre visage ce jour-l\u00e0.day.<\/p>\n<p>\u00a0<\/p>\n<p>\u00a0<\/p>\n<\/div>\n<\/div><\/div><\/div><\/div><div id=\"pg-619-1\"  class=\"panel-grid panel-no-style\" ><div id=\"pgc-619-1-0\"  class=\"panel-grid-cell\" ><div id=\"panel-619-1-0-0\" class=\"so-panel widget panel-first-child panel-last-child\" data-index=\"1\" ><\/div><\/div><\/div><\/div>","protected":false},"excerpt":{"rendered":"<p>Dans le plus beau jour de votre vie, vous voulez que tout soit parfait. Nous aussi. Notre exp\u00e9rience et les s\u00e9minaires continus dans tous les types de chignons, combin\u00e9s avec notre d\u00e9sir de trouver ce que vous convient le mieux, \u00e0 votre visage et votre robe de mari\u00e9e, par la[&#8230;]<\/p>\n","protected":false},"author":3,"featured_media":0,"parent":0,"menu_order":0,"comment_status":"closed","ping_status":"closed","template":"template-page-fixed.php","meta":{"footnotes":""},"class_list":["post-619","page","type-page","status-publish","hentry"],"yoast_head":"<!-- This site is optimized with the Yoast SEO plugin v27.3 - https:\/\/yoast.com\/product\/yoast-seo-wordpress\/ -->\n<title>MARIAGE - \u039a\u03bf\u03bc\u03bc\u03c9\u03c4\u03ae\u03c1\u03b9\u03bf \u039a\u03ad\u03c1\u03ba\u03c5\u03c1\u03b1 Gemini<\/title>\n<meta name=\"robots\" content=\"index, follow, max-snippet:-1, max-image-preview:large, max-video-preview:-1\" \/>\n<link rel=\"canonical\" href=\"https:\/\/gemini-beauty.gr\/hair\/fr\/mariage\/\" \/>\n<meta property=\"og:locale\" content=\"en_US\" \/>\n<meta property=\"og:type\" content=\"article\" \/>\n<meta property=\"og:title\" content=\"MARIAGE - \u039a\u03bf\u03bc\u03bc\u03c9\u03c4\u03ae\u03c1\u03b9\u03bf \u039a\u03ad\u03c1\u03ba\u03c5\u03c1\u03b1 Gemini\" \/>\n<meta property=\"og:description\" content=\"Dans le plus beau jour de votre vie, vous voulez que tout soit parfait. Nous aussi. Notre exp\u00e9rience et les s\u00e9minaires continus dans tous les types de chignons, combin\u00e9s avec notre d\u00e9sir de trouver ce que vous convient le mieux, \u00e0 votre visage et votre robe de mari\u00e9e, par la[...]\" \/>\n<meta property=\"og:url\" content=\"https:\/\/gemini-beauty.gr\/hair\/fr\/mariage\/\" \/>\n<meta property=\"og:site_name\" content=\"\u039a\u03bf\u03bc\u03bc\u03c9\u03c4\u03ae\u03c1\u03b9\u03bf \u039a\u03ad\u03c1\u03ba\u03c5\u03c1\u03b1 Gemini\" \/>\n<meta property=\"article:publisher\" content=\"https:\/\/www.facebook.com\/Gemini.Hair.Specialist.Corfu\/\" \/>\n<meta property=\"og:image\" content=\"http:\/\/gemini-beauty.gr\/hair\/wp-content\/uploads\/2017\/04\/610.jpg\" \/>\n<meta name=\"twitter:card\" content=\"summary_large_image\" \/>\n<script type=\"application\/ld+json\" class=\"yoast-schema-graph\">{\"@context\":\"https:\\\/\\\/schema.org\",\"@graph\":[{\"@type\":\"WebPage\",\"@id\":\"https:\\\/\\\/gemini-beauty.gr\\\/hair\\\/fr\\\/mariage\\\/\",\"url\":\"https:\\\/\\\/gemini-beauty.gr\\\/hair\\\/fr\\\/mariage\\\/\",\"name\":\"MARIAGE - \u039a\u03bf\u03bc\u03bc\u03c9\u03c4\u03ae\u03c1\u03b9\u03bf \u039a\u03ad\u03c1\u03ba\u03c5\u03c1\u03b1 Gemini\",\"isPartOf\":{\"@id\":\"https:\\\/\\\/gemini-beauty.gr\\\/hair\\\/#website\"},\"primaryImageOfPage\":{\"@id\":\"https:\\\/\\\/gemini-beauty.gr\\\/hair\\\/fr\\\/mariage\\\/#primaryimage\"},\"image\":{\"@id\":\"https:\\\/\\\/gemini-beauty.gr\\\/hair\\\/fr\\\/mariage\\\/#primaryimage\"},\"thumbnailUrl\":\"http:\\\/\\\/gemini-beauty.gr\\\/hair\\\/wp-content\\\/uploads\\\/2017\\\/04\\\/610.jpg\",\"datePublished\":\"2017-05-05T14:28:47+00:00\",\"breadcrumb\":{\"@id\":\"https:\\\/\\\/gemini-beauty.gr\\\/hair\\\/fr\\\/mariage\\\/#breadcrumb\"},\"inLanguage\":\"en-US\",\"potentialAction\":[{\"@type\":\"ReadAction\",\"target\":[\"https:\\\/\\\/gemini-beauty.gr\\\/hair\\\/fr\\\/mariage\\\/\"]}]},{\"@type\":\"ImageObject\",\"inLanguage\":\"en-US\",\"@id\":\"https:\\\/\\\/gemini-beauty.gr\\\/hair\\\/fr\\\/mariage\\\/#primaryimage\",\"url\":\"http:\\\/\\\/gemini-beauty.gr\\\/hair\\\/wp-content\\\/uploads\\\/2017\\\/04\\\/610.jpg\",\"contentUrl\":\"http:\\\/\\\/gemini-beauty.gr\\\/hair\\\/wp-content\\\/uploads\\\/2017\\\/04\\\/610.jpg\"},{\"@type\":\"BreadcrumbList\",\"@id\":\"https:\\\/\\\/gemini-beauty.gr\\\/hair\\\/fr\\\/mariage\\\/#breadcrumb\",\"itemListElement\":[{\"@type\":\"ListItem\",\"position\":1,\"name\":\"Home\",\"item\":\"https:\\\/\\\/gemini-beauty.gr\\\/hair\\\/el\\\/%ce%ba%ce%bf%ce%bc%ce%bc%cf%89%cf%84%ce%ae%cf%81%ce%b9%ce%bf-%ce%ba%ce%ad%cf%81%ce%ba%cf%85%cf%81%ce%b1-gemini\\\/\"},{\"@type\":\"ListItem\",\"position\":2,\"name\":\"MARIAGE\"}]},{\"@type\":\"WebSite\",\"@id\":\"https:\\\/\\\/gemini-beauty.gr\\\/hair\\\/#website\",\"url\":\"https:\\\/\\\/gemini-beauty.gr\\\/hair\\\/\",\"name\":\"\u039a\u03bf\u03bc\u03bc\u03c9\u03c4\u03ae\u03c1\u03b9\u03bf \u039a\u03ad\u03c1\u03ba\u03c5\u03c1\u03b1 Gemini\",\"description\":\"\u039a\u03bf\u03bc\u03bc\u03c9\u03c4\u03ae\u03c1\u03b9\u03bf \u039a\u03ad\u03c1\u03ba\u03c5\u03c1\u03b1 Gemini\",\"potentialAction\":[{\"@type\":\"SearchAction\",\"target\":{\"@type\":\"EntryPoint\",\"urlTemplate\":\"https:\\\/\\\/gemini-beauty.gr\\\/hair\\\/?s={search_term_string}\"},\"query-input\":{\"@type\":\"PropertyValueSpecification\",\"valueRequired\":true,\"valueName\":\"search_term_string\"}}],\"inLanguage\":\"en-US\"}]}<\/script>\n<!-- \/ Yoast SEO plugin. -->","yoast_head_json":{"title":"MARIAGE - \u039a\u03bf\u03bc\u03bc\u03c9\u03c4\u03ae\u03c1\u03b9\u03bf \u039a\u03ad\u03c1\u03ba\u03c5\u03c1\u03b1 Gemini","robots":{"index":"index","follow":"follow","max-snippet":"max-snippet:-1","max-image-preview":"max-image-preview:large","max-video-preview":"max-video-preview:-1"},"canonical":"https:\/\/gemini-beauty.gr\/hair\/fr\/mariage\/","og_locale":"en_US","og_type":"article","og_title":"MARIAGE - \u039a\u03bf\u03bc\u03bc\u03c9\u03c4\u03ae\u03c1\u03b9\u03bf \u039a\u03ad\u03c1\u03ba\u03c5\u03c1\u03b1 Gemini","og_description":"Dans le plus beau jour de votre vie, vous voulez que tout soit parfait. Nous aussi. Notre exp\u00e9rience et les s\u00e9minaires continus dans tous les types de chignons, combin\u00e9s avec notre d\u00e9sir de trouver ce que vous convient le mieux, \u00e0 votre visage et votre robe de mari\u00e9e, par la[...]","og_url":"https:\/\/gemini-beauty.gr\/hair\/fr\/mariage\/","og_site_name":"\u039a\u03bf\u03bc\u03bc\u03c9\u03c4\u03ae\u03c1\u03b9\u03bf \u039a\u03ad\u03c1\u03ba\u03c5\u03c1\u03b1 Gemini","article_publisher":"https:\/\/www.facebook.com\/Gemini.Hair.Specialist.Corfu\/","og_image":[{"url":"http:\/\/gemini-beauty.gr\/hair\/wp-content\/uploads\/2017\/04\/610.jpg","type":"","width":"","height":""}],"twitter_card":"summary_large_image","schema":{"@context":"https:\/\/schema.org","@graph":[{"@type":"WebPage","@id":"https:\/\/gemini-beauty.gr\/hair\/fr\/mariage\/","url":"https:\/\/gemini-beauty.gr\/hair\/fr\/mariage\/","name":"MARIAGE - \u039a\u03bf\u03bc\u03bc\u03c9\u03c4\u03ae\u03c1\u03b9\u03bf \u039a\u03ad\u03c1\u03ba\u03c5\u03c1\u03b1 Gemini","isPartOf":{"@id":"https:\/\/gemini-beauty.gr\/hair\/#website"},"primaryImageOfPage":{"@id":"https:\/\/gemini-beauty.gr\/hair\/fr\/mariage\/#primaryimage"},"image":{"@id":"https:\/\/gemini-beauty.gr\/hair\/fr\/mariage\/#primaryimage"},"thumbnailUrl":"http:\/\/gemini-beauty.gr\/hair\/wp-content\/uploads\/2017\/04\/610.jpg","datePublished":"2017-05-05T14:28:47+00:00","breadcrumb":{"@id":"https:\/\/gemini-beauty.gr\/hair\/fr\/mariage\/#breadcrumb"},"inLanguage":"en-US","potentialAction":[{"@type":"ReadAction","target":["https:\/\/gemini-beauty.gr\/hair\/fr\/mariage\/"]}]},{"@type":"ImageObject","inLanguage":"en-US","@id":"https:\/\/gemini-beauty.gr\/hair\/fr\/mariage\/#primaryimage","url":"http:\/\/gemini-beauty.gr\/hair\/wp-content\/uploads\/2017\/04\/610.jpg","contentUrl":"http:\/\/gemini-beauty.gr\/hair\/wp-content\/uploads\/2017\/04\/610.jpg"},{"@type":"BreadcrumbList","@id":"https:\/\/gemini-beauty.gr\/hair\/fr\/mariage\/#breadcrumb","itemListElement":[{"@type":"ListItem","position":1,"name":"Home","item":"https:\/\/gemini-beauty.gr\/hair\/el\/%ce%ba%ce%bf%ce%bc%ce%bc%cf%89%cf%84%ce%ae%cf%81%ce%b9%ce%bf-%ce%ba%ce%ad%cf%81%ce%ba%cf%85%cf%81%ce%b1-gemini\/"},{"@type":"ListItem","position":2,"name":"MARIAGE"}]},{"@type":"WebSite","@id":"https:\/\/gemini-beauty.gr\/hair\/#website","url":"https:\/\/gemini-beauty.gr\/hair\/","name":"\u039a\u03bf\u03bc\u03bc\u03c9\u03c4\u03ae\u03c1\u03b9\u03bf \u039a\u03ad\u03c1\u03ba\u03c5\u03c1\u03b1 Gemini","description":"\u039a\u03bf\u03bc\u03bc\u03c9\u03c4\u03ae\u03c1\u03b9\u03bf \u039a\u03ad\u03c1\u03ba\u03c5\u03c1\u03b1 Gemini","potentialAction":[{"@type":"SearchAction","target":{"@type":"EntryPoint","urlTemplate":"https:\/\/gemini-beauty.gr\/hair\/?s={search_term_string}"},"query-input":{"@type":"PropertyValueSpecification","valueRequired":true,"valueName":"search_term_string"}}],"inLanguage":"en-US"}]}},"_links":{"self":[{"href":"https:\/\/gemini-beauty.gr\/hair\/wp-json\/wp\/v2\/pages\/619","targetHints":{"allow":["GET"]}}],"collection":[{"href":"https:\/\/gemini-beauty.gr\/hair\/wp-json\/wp\/v2\/pages"}],"about":[{"href":"https:\/\/gemini-beauty.gr\/hair\/wp-json\/wp\/v2\/types\/page"}],"author":[{"embeddable":true,"href":"https:\/\/gemini-beauty.gr\/hair\/wp-json\/wp\/v2\/users\/3"}],"replies":[{"embeddable":true,"href":"https:\/\/gemini-beauty.gr\/hair\/wp-json\/wp\/v2\/comments?post=619"}],"version-history":[{"count":0,"href":"https:\/\/gemini-beauty.gr\/hair\/wp-json\/wp\/v2\/pages\/619\/revisions"}],"wp:attachment":[{"href":"https:\/\/gemini-beauty.gr\/hair\/wp-json\/wp\/v2\/media?parent=619"}],"curies":[{"name":"wp","href":"https:\/\/api.w.org\/{rel}","templated":true}]}}